{"id":98,"date":"2012-05-11T18:56:18","date_gmt":"2012-05-11T18:56:18","guid":{"rendered":"http:\/\/public.mediasimple.ca\/remax_papachristou\/?page_id=98"},"modified":"2024-06-16T21:54:10","modified_gmt":"2024-06-17T01:54:10","slug":"frais-de-demarrage-y-avez-vous-pense","status":"publish","type":"page","link":"https:\/\/jboulianne.com\/en\/acheter-2\/frais-de-demarrage-y-avez-vous-pense\/","title":{"rendered":"Considering Start-Up Costs"},"content":{"rendered":"<p><\/p>\n<h2>Find out what costs can&#8217;t be avoided when buying a property<\/h2>\n<p>Did you know that when you buy a property, you must have money set aside to cover start-up costs? Your down payment and mortgage payments are not the only costs involved, so it&#8217;s wise to have some additional savings set aside that can be used for your additional expenses.<\/p>\n<p>These expenses should not be taken lightly and some mortgage lenders will even check that you have these funds available before granting you a loan. Mortgage loans are calculated based on the value of your home and, therefore, cannot be used to pay these additional costs.<br \/>\nHere is a list of common start-up costs:<\/p>\n<ol>\n<li>Property inspection and evaluation<\/li>\n<li>File processing fee for mortgage insurer as well as any taxes on the premium<\/li>\n<li>Notary fees<\/li>\n<li>Adjustment costs determined by the notary (electricity, heating, municipal and school taxes, equipment rental contract, etc.)<\/li>\n<li>Property transfer tax (welcome tax)<\/li>\n<li>Moving expenses<\/li>\n<li>Service and utilities hook-up fees (phone, electricity, etc.)<\/li>\n<li>Decorating (paint, curtains, etc.)<\/li>\n<\/ol>\n<p>SOURCE :\u00a0<a title=\"http:\/\/www.centris.ca\" href=\"http:\/\/www.centris.ca\" target=\"_blank\" rel=\"noopener\">CENTRIS.CA<\/a><\/p>\n<p><\/p>","protected":false},"excerpt":{"rendered":"<p>Find out what costs can&#8217;t be avoided when buying a property Did you know that when you buy a property, you must have money set aside to cover start-up costs? Your down payment and mortgage payments are not the only costs involved, so it&#8217;s wise to have some additional savings set aside that can be [&hellip;]<\/p>\n","protected":false},"author":1,"featured_media":0,"parent":7,"menu_order":0,"comment_status":"open","ping_status":"open","template":"","meta":{"_acf_changed":false,"footnotes":""},"class_list":["post-98","page","type-page","status-publish","hentry"],"acf":[],"yoast_head":"<!-- This site is optimized with the Yoast SEO plugin v26.7 - https:\/\/yoast.com\/wordpress\/plugins\/seo\/ -->\n<title>Nouvelle propri\u00e9t\u00e9 ! Connaissez-vous les frais de d\u00e9marrage ?<\/title>\n<meta name=\"description\" content=\"D\u00e9couvrez les co\u00fbts incontournables lors de l&#039;achat d&#039;une propri\u00e9t\u00e9 et assurez-vous d&#039;avoir les fonds n\u00e9cessaires pour r\u00e9ussir. Pour ingo : (819) 372-4555.\" \/>\n<meta name=\"robots\" content=\"index, follow, max-snippet:-1, max-image-preview:large, max-video-preview:-1\" \/>\n<link rel=\"canonical\" href=\"https:\/\/jboulianne.com\/acheter-2\/frais-de-demarrage-y-avez-vous-pense\/\" \/>\n<meta property=\"og:locale\" content=\"en_US\" \/>\n<meta property=\"og:type\" content=\"article\" \/>\n<meta property=\"og:title\" content=\"Nouvelle propri\u00e9t\u00e9 ! Connaissez-vous les frais de d\u00e9marrage ?\" \/>\n<meta property=\"og:description\" content=\"D\u00e9couvrez les co\u00fbts incontournables lors de l&#039;achat d&#039;une propri\u00e9t\u00e9 et assurez-vous d&#039;avoir les fonds n\u00e9cessaires pour r\u00e9ussir. Pour info : (819) 372-4555.\" \/>\n<meta property=\"og:url\" content=\"https:\/\/jboulianne.com\/acheter-2\/frais-de-demarrage-y-avez-vous-pense\/\" \/>\n<meta property=\"og:site_name\" content=\"Julie Boulianne et Laurie Therrien - Groupe Sutton Aliance\" \/>\n<meta property=\"article:modified_time\" content=\"2024-06-17T01:54:10+00:00\" \/>\n<meta property=\"og:image\" content=\"https:\/\/jboulianne.com\/files\/2023\/04\/header_kamelo.jpg\" \/>\n<meta name=\"twitter:card\" content=\"summary_large_image\" \/>\n<meta name=\"twitter:title\" content=\"Nouvelle propri\u00e9t\u00e9 ! Connaissez-vous les frais de d\u00e9marrage ?\" \/>\n<meta name=\"twitter:description\" content=\"D\u00e9couvrez les co\u00fbts incontournables lors de l&#039;achat d&#039;une propri\u00e9t\u00e9 et assurez-vous d&#039;avoir les fonds n\u00e9cessaires pour r\u00e9ussir. Pour info : (819) 372-4555.\" \/>\n<meta name=\"twitter:image\" content=\"https:\/\/jboulianne.com\/files\/2023\/04\/header_kamelo.jpg\" \/>\n<meta name=\"twitter:label1\" content=\"Est. reading time\" \/>\n\t<meta name=\"twitter:data1\" content=\"1 minute\" \/>\n<script type=\"application\/ld+json\" class=\"yoast-schema-graph\">{\"@context\":\"https:\/\/schema.org\",\"@graph\":[{\"@type\":\"WebPage\",\"@id\":\"https:\/\/jboulianne.com\/acheter-2\/frais-de-demarrage-y-avez-vous-pense\/\",\"url\":\"https:\/\/jboulianne.com\/acheter-2\/frais-de-demarrage-y-avez-vous-pense\/\",\"name\":\"Nouvelle propri\u00e9t\u00e9 ! Connaissez-vous les frais de d\u00e9marrage ?\",\"isPartOf\":{\"@id\":\"https:\/\/jboulianne.com\/#website\"},\"datePublished\":\"2012-05-11T18:56:18+00:00\",\"dateModified\":\"2024-06-17T01:54:10+00:00\",\"description\":\"D\u00e9couvrez les co\u00fbts incontournables lors de l'achat d'une propri\u00e9t\u00e9 et assurez-vous d'avoir les fonds n\u00e9cessaires pour r\u00e9ussir. Pour ingo : (819) 372-4555.\",\"breadcrumb\":{\"@id\":\"https:\/\/jboulianne.com\/acheter-2\/frais-de-demarrage-y-avez-vous-pense\/#breadcrumb\"},\"inLanguage\":\"en-US\",\"potentialAction\":[{\"@type\":\"ReadAction\",\"target\":[\"https:\/\/jboulianne.com\/acheter-2\/frais-de-demarrage-y-avez-vous-pense\/\"]}]},{\"@type\":\"BreadcrumbList\",\"@id\":\"https:\/\/jboulianne.com\/acheter-2\/frais-de-demarrage-y-avez-vous-pense\/#breadcrumb\",\"itemListElement\":[{\"@type\":\"ListItem\",\"position\":1,\"name\":\"Accueil\",\"item\":\"https:\/\/jboulianne.com\/\"},{\"@type\":\"ListItem\",\"position\":2,\"name\":\"Acheter\",\"item\":\"https:\/\/jboulianne.com\/acheter-2\/\"},{\"@type\":\"ListItem\",\"position\":3,\"name\":\"Frais de d\u00e9marrage : y avez-vous pens\u00e9?\"}]},{\"@type\":\"WebSite\",\"@id\":\"https:\/\/jboulianne.com\/#website\",\"url\":\"https:\/\/jboulianne.com\/\",\"name\":\"Julie Boulianne et Laurie Therrien - Groupe Sutton Aliance\",\"description\":\"Real Estate Brokers\",\"potentialAction\":[{\"@type\":\"SearchAction\",\"target\":{\"@type\":\"EntryPoint\",\"urlTemplate\":\"https:\/\/jboulianne.com\/?s={search_term_string}\"},\"query-input\":{\"@type\":\"PropertyValueSpecification\",\"valueRequired\":true,\"valueName\":\"search_term_string\"}}],\"inLanguage\":\"en-US\"}]}<\/script>\n<!-- \/ Yoast SEO plugin. -->","yoast_head_json":{"title":"Nouvelle propri\u00e9t\u00e9 ! Connaissez-vous les frais de d\u00e9marrage ?","description":"D\u00e9couvrez les co\u00fbts incontournables lors de l'achat d'une propri\u00e9t\u00e9 et assurez-vous d'avoir les fonds n\u00e9cessaires pour r\u00e9ussir. Pour ingo : (819) 372-4555.","robots":{"index":"index","follow":"follow","max-snippet":"max-snippet:-1","max-image-preview":"max-image-preview:large","max-video-preview":"max-video-preview:-1"},"canonical":"https:\/\/jboulianne.com\/acheter-2\/frais-de-demarrage-y-avez-vous-pense\/","og_locale":"en_US","og_type":"article","og_title":"Nouvelle propri\u00e9t\u00e9 ! Connaissez-vous les frais de d\u00e9marrage ?","og_description":"D\u00e9couvrez les co\u00fbts incontournables lors de l'achat d'une propri\u00e9t\u00e9 et assurez-vous d'avoir les fonds n\u00e9cessaires pour r\u00e9ussir. Pour info : (819) 372-4555.","og_url":"https:\/\/jboulianne.com\/acheter-2\/frais-de-demarrage-y-avez-vous-pense\/","og_site_name":"Julie Boulianne et Laurie Therrien - Groupe Sutton Aliance","article_modified_time":"2024-06-17T01:54:10+00:00","og_image":[{"url":"https:\/\/jboulianne.com\/files\/2023\/04\/header_kamelo.jpg","type":"","width":"","height":""}],"twitter_card":"summary_large_image","twitter_title":"Nouvelle propri\u00e9t\u00e9 ! Connaissez-vous les frais de d\u00e9marrage ?","twitter_description":"D\u00e9couvrez les co\u00fbts incontournables lors de l'achat d'une propri\u00e9t\u00e9 et assurez-vous d'avoir les fonds n\u00e9cessaires pour r\u00e9ussir. Pour info : (819) 372-4555.","twitter_image":"https:\/\/jboulianne.com\/files\/2023\/04\/header_kamelo.jpg","twitter_misc":{"Est. reading time":"1 minute"},"schema":{"@context":"https:\/\/schema.org","@graph":[{"@type":"WebPage","@id":"https:\/\/jboulianne.com\/acheter-2\/frais-de-demarrage-y-avez-vous-pense\/","url":"https:\/\/jboulianne.com\/acheter-2\/frais-de-demarrage-y-avez-vous-pense\/","name":"Nouvelle propri\u00e9t\u00e9 ! Connaissez-vous les frais de d\u00e9marrage ?","isPartOf":{"@id":"https:\/\/jboulianne.com\/#website"},"datePublished":"2012-05-11T18:56:18+00:00","dateModified":"2024-06-17T01:54:10+00:00","description":"D\u00e9couvrez les co\u00fbts incontournables lors de l'achat d'une propri\u00e9t\u00e9 et assurez-vous d'avoir les fonds n\u00e9cessaires pour r\u00e9ussir. Pour ingo : (819) 372-4555.","breadcrumb":{"@id":"https:\/\/jboulianne.com\/acheter-2\/frais-de-demarrage-y-avez-vous-pense\/#breadcrumb"},"inLanguage":"en-US","potentialAction":[{"@type":"ReadAction","target":["https:\/\/jboulianne.com\/acheter-2\/frais-de-demarrage-y-avez-vous-pense\/"]}]},{"@type":"BreadcrumbList","@id":"https:\/\/jboulianne.com\/acheter-2\/frais-de-demarrage-y-avez-vous-pense\/#breadcrumb","itemListElement":[{"@type":"ListItem","position":1,"name":"Accueil","item":"https:\/\/jboulianne.com\/"},{"@type":"ListItem","position":2,"name":"Acheter","item":"https:\/\/jboulianne.com\/acheter-2\/"},{"@type":"ListItem","position":3,"name":"Frais de d\u00e9marrage : y avez-vous pens\u00e9?"}]},{"@type":"WebSite","@id":"https:\/\/jboulianne.com\/#website","url":"https:\/\/jboulianne.com\/","name":"Julie Boulianne et Laurie Therrien - Groupe Sutton Aliance","description":"Real Estate Brokers","potentialAction":[{"@type":"SearchAction","target":{"@type":"EntryPoint","urlTemplate":"https:\/\/jboulianne.com\/?s={search_term_string}"},"query-input":{"@type":"PropertyValueSpecification","valueRequired":true,"valueName":"search_term_string"}}],"inLanguage":"en-US"}]}},"_links":{"self":[{"href":"https:\/\/jboulianne.com\/en\/wp-json\/wp\/v2\/pages\/98","targetHints":{"allow":["GET"]}}],"collection":[{"href":"https:\/\/jboulianne.com\/en\/wp-json\/wp\/v2\/pages"}],"about":[{"href":"https:\/\/jboulianne.com\/en\/wp-json\/wp\/v2\/types\/page"}],"author":[{"embeddable":true,"href":"https:\/\/jboulianne.com\/en\/wp-json\/wp\/v2\/users\/1"}],"replies":[{"embeddable":true,"href":"https:\/\/jboulianne.com\/en\/wp-json\/wp\/v2\/comments?post=98"}],"version-history":[{"count":3,"href":"https:\/\/jboulianne.com\/en\/wp-json\/wp\/v2\/pages\/98\/revisions"}],"predecessor-version":[{"id":783,"href":"https:\/\/jboulianne.com\/en\/wp-json\/wp\/v2\/pages\/98\/revisions\/783"}],"up":[{"embeddable":true,"href":"https:\/\/jboulianne.com\/en\/wp-json\/wp\/v2\/pages\/7"}],"wp:attachment":[{"href":"https:\/\/jboulianne.com\/en\/wp-json\/wp\/v2\/media?parent=98"}],"curies":[{"name":"wp","href":"https:\/\/api.w.org\/{rel}","templated":true}]}}