{"id":839,"date":"2024-02-20T16:08:18","date_gmt":"2024-02-20T21:08:18","guid":{"rendered":"https:\/\/jboulianne.com\/?page_id=839"},"modified":"2024-04-19T15:41:24","modified_gmt":"2024-04-19T19:41:24","slug":"quand-la-ville-de-becancour-a-t-elle-ete-fondee","status":"publish","type":"page","link":"https:\/\/jboulianne.com\/en\/courtiers-immobiliers-becancour\/quand-la-ville-de-becancour-a-t-elle-ete-fondee\/","title":{"rendered":"When was B\u00e9cancour founded?"},"content":{"rendered":"","protected":false},"excerpt":{"rendered":"","protected":false},"author":121,"featured_media":0,"parent":831,"menu_order":0,"comment_status":"closed","ping_status":"closed","template":"page-templates\/advanced_page.php","meta":{"_acf_changed":false,"footnotes":""},"class_list":["post-839","page","type-page","status-publish","hentry"],"acf":[],"yoast_head":"<!-- This site is optimized with the Yoast SEO plugin v26.7 - https:\/\/yoast.com\/wordpress\/plugins\/seo\/ -->\n<title>When was B\u00e9cancour founded? | Julie Bouliane - Laurie Therrien<\/title>\n<meta name=\"description\" content=\"B\u00e9cancour is one of the province&#039;s oldest towns, after Qu\u00e9bec (1608), Trois-Rivi\u00e8res (1634) and Montr\u00e9al (1642). Discover its history.\" \/>\n<meta name=\"robots\" content=\"index, follow, max-snippet:-1, max-image-preview:large, max-video-preview:-1\" \/>\n<link rel=\"canonical\" href=\"https:\/\/jboulianne.com\/en\/courtiers-immobiliers-becancour\/quand-la-ville-de-becancour-a-t-elle-ete-fondee\/\" \/>\n<meta property=\"og:locale\" content=\"en_US\" \/>\n<meta property=\"og:type\" content=\"article\" \/>\n<meta property=\"og:title\" content=\"Quand la ville de B\u00e9cancour a-t-elle \u00e9t\u00e9 fond\u00e9e ? | Julie Bouliane - Laurie Therrien\" \/>\n<meta property=\"og:description\" content=\"B\u00e9cancour est l&#039;une des plus anciennes villes de la province apr\u00e8s Qu\u00e9bec (1608), Trois-Rivi\u00e8res (1634) et Montr\u00e9al (1642). D\u00e9couvrez son histoire\" \/>\n<meta property=\"og:url\" content=\"https:\/\/jboulianne.com\/en\/courtiers-immobiliers-becancour\/quand-la-ville-de-becancour-a-t-elle-ete-fondee\/\" \/>\n<meta property=\"og:site_name\" content=\"Julie Boulianne et Laurie Therrien - Groupe Sutton Aliance\" \/>\n<meta property=\"article:modified_time\" content=\"2024-04-19T19:41:24+00:00\" \/>\n<meta property=\"og:image\" content=\"https:\/\/jboulianne.com\/files\/2023\/04\/header_kamelo.jpg\" \/><meta property=\"og:image\" content=\"https:\/\/jboulianne.com\/files\/2024\/03\/becancour-a-velo.jpg\" \/>\n\t<meta property=\"og:image:width\" content=\"644\" \/>\n\t<meta property=\"og:image:height\" content=\"398\" \/>\n\t<meta property=\"og:image:type\" content=\"image\/jpeg\" \/>\n<meta name=\"twitter:card\" content=\"summary_large_image\" \/>\n<meta name=\"twitter:title\" content=\"Quand la ville de B\u00e9cancour a-t-elle \u00e9t\u00e9 fond\u00e9e ?\" \/>\n<meta name=\"twitter:description\" content=\"B\u00e9cancour est l&#039;une des plus anciennes villes de la province apr\u00e8s Qu\u00e9bec (1608), Trois-Rivi\u00e8res (1634) et Montr\u00e9al (1642). D\u00e9couvrez son histoire.\" \/>\n<meta name=\"twitter:image\" content=\"https:\/\/jboulianne.com\/files\/2024\/03\/becancour-a-velo.jpg\" \/>\n<script type=\"application\/ld+json\" class=\"yoast-schema-graph\">{\"@context\":\"https:\/\/schema.org\",\"@graph\":[{\"@type\":\"WebPage\",\"@id\":\"https:\/\/jboulianne.com\/en\/courtiers-immobiliers-becancour\/quand-la-ville-de-becancour-a-t-elle-ete-fondee\/\",\"url\":\"https:\/\/jboulianne.com\/en\/courtiers-immobiliers-becancour\/quand-la-ville-de-becancour-a-t-elle-ete-fondee\/\",\"name\":\"When was B\u00e9cancour founded? | Julie Bouliane - Laurie Therrien\",\"isPartOf\":{\"@id\":\"https:\/\/jboulianne.com\/#website\"},\"datePublished\":\"2024-02-20T21:08:18+00:00\",\"dateModified\":\"2024-04-19T19:41:24+00:00\",\"description\":\"B\u00e9cancour is one of the province's oldest towns, after Qu\u00e9bec (1608), Trois-Rivi\u00e8res (1634) and Montr\u00e9al (1642). Discover its history.\",\"breadcrumb\":{\"@id\":\"https:\/\/jboulianne.com\/en\/courtiers-immobiliers-becancour\/quand-la-ville-de-becancour-a-t-elle-ete-fondee\/#breadcrumb\"},\"inLanguage\":\"en-US\",\"potentialAction\":[{\"@type\":\"ReadAction\",\"target\":[\"https:\/\/jboulianne.com\/en\/courtiers-immobiliers-becancour\/quand-la-ville-de-becancour-a-t-elle-ete-fondee\/\"]}]},{\"@type\":\"BreadcrumbList\",\"@id\":\"https:\/\/jboulianne.com\/en\/courtiers-immobiliers-becancour\/quand-la-ville-de-becancour-a-t-elle-ete-fondee\/#breadcrumb\",\"itemListElement\":[{\"@type\":\"ListItem\",\"position\":1,\"name\":\"Accueil\",\"item\":\"https:\/\/jboulianne.com\/\"},{\"@type\":\"ListItem\",\"position\":2,\"name\":\"Vos courtiers immobiliers \u00e0 B\u00e9cancour\",\"item\":\"https:\/\/jboulianne.com\/courtiers-immobiliers-becancour\/\"},{\"@type\":\"ListItem\",\"position\":3,\"name\":\"When was B\u00e9cancour founded?\"}]},{\"@type\":\"WebSite\",\"@id\":\"https:\/\/jboulianne.com\/#website\",\"url\":\"https:\/\/jboulianne.com\/\",\"name\":\"Julie Boulianne et Laurie Therrien - Groupe Sutton Aliance\",\"description\":\"Real Estate Brokers\",\"potentialAction\":[{\"@type\":\"SearchAction\",\"target\":{\"@type\":\"EntryPoint\",\"urlTemplate\":\"https:\/\/jboulianne.com\/?s={search_term_string}\"},\"query-input\":{\"@type\":\"PropertyValueSpecification\",\"valueRequired\":true,\"valueName\":\"search_term_string\"}}],\"inLanguage\":\"en-US\"}]}<\/script>\n<!-- \/ Yoast SEO plugin. -->","yoast_head_json":{"title":"When was B\u00e9cancour founded? | Julie Bouliane - Laurie Therrien","description":"B\u00e9cancour is one of the province's oldest towns, after Qu\u00e9bec (1608), Trois-Rivi\u00e8res (1634) and Montr\u00e9al (1642). Discover its history.","robots":{"index":"index","follow":"follow","max-snippet":"max-snippet:-1","max-image-preview":"max-image-preview:large","max-video-preview":"max-video-preview:-1"},"canonical":"https:\/\/jboulianne.com\/en\/courtiers-immobiliers-becancour\/quand-la-ville-de-becancour-a-t-elle-ete-fondee\/","og_locale":"en_US","og_type":"article","og_title":"Quand la ville de B\u00e9cancour a-t-elle \u00e9t\u00e9 fond\u00e9e ? | Julie Bouliane - Laurie Therrien","og_description":"B\u00e9cancour est l'une des plus anciennes villes de la province apr\u00e8s Qu\u00e9bec (1608), Trois-Rivi\u00e8res (1634) et Montr\u00e9al (1642). D\u00e9couvrez son histoire","og_url":"https:\/\/jboulianne.com\/en\/courtiers-immobiliers-becancour\/quand-la-ville-de-becancour-a-t-elle-ete-fondee\/","og_site_name":"Julie Boulianne et Laurie Therrien - Groupe Sutton Aliance","article_modified_time":"2024-04-19T19:41:24+00:00","og_image":[{"url":"https:\/\/jboulianne.com\/files\/2023\/04\/header_kamelo.jpg","type":"","width":"","height":""},{"width":644,"height":398,"url":"https:\/\/jboulianne.com\/files\/2024\/03\/becancour-a-velo.jpg","type":"image\/jpeg"}],"twitter_card":"summary_large_image","twitter_title":"Quand la ville de B\u00e9cancour a-t-elle \u00e9t\u00e9 fond\u00e9e ?","twitter_description":"B\u00e9cancour est l'une des plus anciennes villes de la province apr\u00e8s Qu\u00e9bec (1608), Trois-Rivi\u00e8res (1634) et Montr\u00e9al (1642). D\u00e9couvrez son histoire.","twitter_image":"https:\/\/jboulianne.com\/files\/2024\/03\/becancour-a-velo.jpg","schema":{"@context":"https:\/\/schema.org","@graph":[{"@type":"WebPage","@id":"https:\/\/jboulianne.com\/en\/courtiers-immobiliers-becancour\/quand-la-ville-de-becancour-a-t-elle-ete-fondee\/","url":"https:\/\/jboulianne.com\/en\/courtiers-immobiliers-becancour\/quand-la-ville-de-becancour-a-t-elle-ete-fondee\/","name":"When was B\u00e9cancour founded? | Julie Bouliane - Laurie Therrien","isPartOf":{"@id":"https:\/\/jboulianne.com\/#website"},"datePublished":"2024-02-20T21:08:18+00:00","dateModified":"2024-04-19T19:41:24+00:00","description":"B\u00e9cancour is one of the province's oldest towns, after Qu\u00e9bec (1608), Trois-Rivi\u00e8res (1634) and Montr\u00e9al (1642). Discover its history.","breadcrumb":{"@id":"https:\/\/jboulianne.com\/en\/courtiers-immobiliers-becancour\/quand-la-ville-de-becancour-a-t-elle-ete-fondee\/#breadcrumb"},"inLanguage":"en-US","potentialAction":[{"@type":"ReadAction","target":["https:\/\/jboulianne.com\/en\/courtiers-immobiliers-becancour\/quand-la-ville-de-becancour-a-t-elle-ete-fondee\/"]}]},{"@type":"BreadcrumbList","@id":"https:\/\/jboulianne.com\/en\/courtiers-immobiliers-becancour\/quand-la-ville-de-becancour-a-t-elle-ete-fondee\/#breadcrumb","itemListElement":[{"@type":"ListItem","position":1,"name":"Accueil","item":"https:\/\/jboulianne.com\/"},{"@type":"ListItem","position":2,"name":"Vos courtiers immobiliers \u00e0 B\u00e9cancour","item":"https:\/\/jboulianne.com\/courtiers-immobiliers-becancour\/"},{"@type":"ListItem","position":3,"name":"When was B\u00e9cancour founded?"}]},{"@type":"WebSite","@id":"https:\/\/jboulianne.com\/#website","url":"https:\/\/jboulianne.com\/","name":"Julie Boulianne et Laurie Therrien - Groupe Sutton Aliance","description":"Real Estate Brokers","potentialAction":[{"@type":"SearchAction","target":{"@type":"EntryPoint","urlTemplate":"https:\/\/jboulianne.com\/?s={search_term_string}"},"query-input":{"@type":"PropertyValueSpecification","valueRequired":true,"valueName":"search_term_string"}}],"inLanguage":"en-US"}]}},"_links":{"self":[{"href":"https:\/\/jboulianne.com\/en\/wp-json\/wp\/v2\/pages\/839","targetHints":{"allow":["GET"]}}],"collection":[{"href":"https:\/\/jboulianne.com\/en\/wp-json\/wp\/v2\/pages"}],"about":[{"href":"https:\/\/jboulianne.com\/en\/wp-json\/wp\/v2\/types\/page"}],"author":[{"embeddable":true,"href":"https:\/\/jboulianne.com\/en\/wp-json\/wp\/v2\/users\/121"}],"replies":[{"embeddable":true,"href":"https:\/\/jboulianne.com\/en\/wp-json\/wp\/v2\/comments?post=839"}],"version-history":[{"count":2,"href":"https:\/\/jboulianne.com\/en\/wp-json\/wp\/v2\/pages\/839\/revisions"}],"predecessor-version":[{"id":847,"href":"https:\/\/jboulianne.com\/en\/wp-json\/wp\/v2\/pages\/839\/revisions\/847"}],"up":[{"embeddable":true,"href":"https:\/\/jboulianne.com\/en\/wp-json\/wp\/v2\/pages\/831"}],"wp:attachment":[{"href":"https:\/\/jboulianne.com\/en\/wp-json\/wp\/v2\/media?parent=839"}],"curies":[{"name":"wp","href":"https:\/\/api.w.org\/{rel}","templated":true}]}}