{"id":674,"date":"2023-04-14T08:54:27","date_gmt":"2023-04-14T12:54:27","guid":{"rendered":"https:\/\/jboulianne.com\/?page_id=674"},"modified":"2024-07-24T19:40:41","modified_gmt":"2024-07-24T23:40:41","slug":"accueil","status":"publish","type":"page","link":"https:\/\/jboulianne.com\/en\/","title":{"rendered":"Home"},"content":{"rendered":"","protected":false},"excerpt":{"rendered":"","protected":false},"author":121,"featured_media":0,"parent":0,"menu_order":0,"comment_status":"closed","ping_status":"closed","template":"home.php","meta":{"_acf_changed":false,"footnotes":""},"class_list":["post-674","page","type-page","status-publish","hentry"],"acf":[],"yoast_head":"<!-- This site is optimized with the Yoast SEO plugin v26.7 - https:\/\/yoast.com\/wordpress\/plugins\/seo\/ -->\n<title>Julie Boulianne &amp; Laurie Therrien, Courtiers immobiliers<\/title>\n<meta name=\"description\" content=\"Pour acheter ou vendre une propri\u00e9t\u00e9 en Mauricie et dans le Centre-du-Qu\u00e9bec, communiquez avec Julie Boulianne &amp; Laurie Therrien, courtiers immobiliers Sutton Alliance : (819) 372-4555.\" \/>\n<meta name=\"robots\" content=\"index, follow, max-snippet:-1, max-image-preview:large, max-video-preview:-1\" \/>\n<link rel=\"canonical\" href=\"https:\/\/jboulianne.com\/\" \/>\n<meta property=\"og:locale\" content=\"en_US\" \/>\n<meta property=\"og:type\" content=\"article\" \/>\n<meta property=\"og:title\" content=\"Julie Boulianne &amp; Laurie Therrien, Courtiers immobiliers | Groupe Sutton Alliance\" \/>\n<meta property=\"og:description\" content=\"Pour vendre ou acheter une propri\u00e9t\u00e9, optez pour Julie et Laurie, courtiers immobiliers Sutton. Trois-Rivi\u00e8res, Mauricie et Centre-du-Qu\u00e9bec. T\u00e9l\u00e9phone : 819-372-4555.\" \/>\n<meta property=\"og:url\" content=\"https:\/\/jboulianne.com\/\" \/>\n<meta property=\"og:site_name\" content=\"Julie Boulianne et Laurie Therrien - Groupe Sutton Aliance\" \/>\n<meta property=\"article:modified_time\" content=\"2024-07-24T23:40:41+00:00\" \/>\n<meta property=\"og:image\" content=\"https:\/\/jboulianne.com\/files\/2023\/04\/header_kamelo.jpg\" \/>\n<meta name=\"twitter:card\" content=\"summary_large_image\" \/>\n<meta name=\"twitter:title\" content=\"Julie Boulianne &amp; Laurie Therrien, Courtiers immobiliers | Groupe Sutton Alliance\" \/>\n<meta name=\"twitter:description\" content=\"Pour vendre ou acheter une propri\u00e9t\u00e9, optez pour Julie et Laurie, courtiers immobiliers Sutton. Trois-Rivi\u00e8res, Mauricie et Centre-du-Qu\u00e9bec. T\u00e9l\u00e9phone : 819-372-4555.\" \/>\n<meta name=\"twitter:image\" content=\"https:\/\/jboulianne.com\/files\/2023\/04\/header_kamelo.jpg\" \/>\n<script type=\"application\/ld+json\" class=\"yoast-schema-graph\">{\"@context\":\"https:\/\/schema.org\",\"@graph\":[{\"@type\":\"WebPage\",\"@id\":\"https:\/\/jboulianne.com\/\",\"url\":\"https:\/\/jboulianne.com\/\",\"name\":\"Julie Boulianne & Laurie Therrien, Courtiers immobiliers\",\"isPartOf\":{\"@id\":\"https:\/\/jboulianne.com\/#website\"},\"datePublished\":\"2023-04-14T12:54:27+00:00\",\"dateModified\":\"2024-07-24T23:40:41+00:00\",\"description\":\"Pour acheter ou vendre une propri\u00e9t\u00e9 en Mauricie et dans le Centre-du-Qu\u00e9bec, communiquez avec Julie Boulianne & Laurie Therrien, courtiers immobiliers Sutton Alliance : (819) 372-4555.\",\"breadcrumb\":{\"@id\":\"https:\/\/jboulianne.com\/#breadcrumb\"},\"inLanguage\":\"en-US\",\"potentialAction\":[{\"@type\":\"ReadAction\",\"target\":[\"https:\/\/jboulianne.com\/\"]}]},{\"@type\":\"BreadcrumbList\",\"@id\":\"https:\/\/jboulianne.com\/#breadcrumb\",\"itemListElement\":[{\"@type\":\"ListItem\",\"position\":1,\"name\":\"Accueil\",\"item\":\"https:\/\/jboulianne.com\/\"},{\"@type\":\"ListItem\",\"position\":2,\"name\":\"Accueil\"}]},{\"@type\":\"WebSite\",\"@id\":\"https:\/\/jboulianne.com\/#website\",\"url\":\"https:\/\/jboulianne.com\/\",\"name\":\"Julie Boulianne et Laurie Therrien - Groupe Sutton Aliance\",\"description\":\"Real Estate Brokers\",\"potentialAction\":[{\"@type\":\"SearchAction\",\"target\":{\"@type\":\"EntryPoint\",\"urlTemplate\":\"https:\/\/jboulianne.com\/?s={search_term_string}\"},\"query-input\":{\"@type\":\"PropertyValueSpecification\",\"valueRequired\":true,\"valueName\":\"search_term_string\"}}],\"inLanguage\":\"en-US\"}]}<\/script>\n<!-- \/ Yoast SEO plugin. -->","yoast_head_json":{"title":"Julie Boulianne & Laurie Therrien, Courtiers immobiliers","description":"Pour acheter ou vendre une propri\u00e9t\u00e9 en Mauricie et dans le Centre-du-Qu\u00e9bec, communiquez avec Julie Boulianne & Laurie Therrien, courtiers immobiliers Sutton Alliance : (819) 372-4555.","robots":{"index":"index","follow":"follow","max-snippet":"max-snippet:-1","max-image-preview":"max-image-preview:large","max-video-preview":"max-video-preview:-1"},"canonical":"https:\/\/jboulianne.com\/","og_locale":"en_US","og_type":"article","og_title":"Julie Boulianne & Laurie Therrien, Courtiers immobiliers | Groupe Sutton Alliance","og_description":"Pour vendre ou acheter une propri\u00e9t\u00e9, optez pour Julie et Laurie, courtiers immobiliers Sutton. Trois-Rivi\u00e8res, Mauricie et Centre-du-Qu\u00e9bec. T\u00e9l\u00e9phone : 819-372-4555.","og_url":"https:\/\/jboulianne.com\/","og_site_name":"Julie Boulianne et Laurie Therrien - Groupe Sutton Aliance","article_modified_time":"2024-07-24T23:40:41+00:00","og_image":[{"url":"https:\/\/jboulianne.com\/files\/2023\/04\/header_kamelo.jpg","type":"","width":"","height":""}],"twitter_card":"summary_large_image","twitter_title":"Julie Boulianne & Laurie Therrien, Courtiers immobiliers | Groupe Sutton Alliance","twitter_description":"Pour vendre ou acheter une propri\u00e9t\u00e9, optez pour Julie et Laurie, courtiers immobiliers Sutton. Trois-Rivi\u00e8res, Mauricie et Centre-du-Qu\u00e9bec. T\u00e9l\u00e9phone : 819-372-4555.","twitter_image":"https:\/\/jboulianne.com\/files\/2023\/04\/header_kamelo.jpg","schema":{"@context":"https:\/\/schema.org","@graph":[{"@type":"WebPage","@id":"https:\/\/jboulianne.com\/","url":"https:\/\/jboulianne.com\/","name":"Julie Boulianne & Laurie Therrien, Courtiers immobiliers","isPartOf":{"@id":"https:\/\/jboulianne.com\/#website"},"datePublished":"2023-04-14T12:54:27+00:00","dateModified":"2024-07-24T23:40:41+00:00","description":"Pour acheter ou vendre une propri\u00e9t\u00e9 en Mauricie et dans le Centre-du-Qu\u00e9bec, communiquez avec Julie Boulianne & Laurie Therrien, courtiers immobiliers Sutton Alliance : (819) 372-4555.","breadcrumb":{"@id":"https:\/\/jboulianne.com\/#breadcrumb"},"inLanguage":"en-US","potentialAction":[{"@type":"ReadAction","target":["https:\/\/jboulianne.com\/"]}]},{"@type":"BreadcrumbList","@id":"https:\/\/jboulianne.com\/#breadcrumb","itemListElement":[{"@type":"ListItem","position":1,"name":"Accueil","item":"https:\/\/jboulianne.com\/"},{"@type":"ListItem","position":2,"name":"Accueil"}]},{"@type":"WebSite","@id":"https:\/\/jboulianne.com\/#website","url":"https:\/\/jboulianne.com\/","name":"Julie Boulianne et Laurie Therrien - Groupe Sutton Aliance","description":"Real Estate Brokers","potentialAction":[{"@type":"SearchAction","target":{"@type":"EntryPoint","urlTemplate":"https:\/\/jboulianne.com\/?s={search_term_string}"},"query-input":{"@type":"PropertyValueSpecification","valueRequired":true,"valueName":"search_term_string"}}],"inLanguage":"en-US"}]}},"_links":{"self":[{"href":"https:\/\/jboulianne.com\/en\/wp-json\/wp\/v2\/pages\/674","targetHints":{"allow":["GET"]}}],"collection":[{"href":"https:\/\/jboulianne.com\/en\/wp-json\/wp\/v2\/pages"}],"about":[{"href":"https:\/\/jboulianne.com\/en\/wp-json\/wp\/v2\/types\/page"}],"author":[{"embeddable":true,"href":"https:\/\/jboulianne.com\/en\/wp-json\/wp\/v2\/users\/121"}],"replies":[{"embeddable":true,"href":"https:\/\/jboulianne.com\/en\/wp-json\/wp\/v2\/comments?post=674"}],"version-history":[{"count":1,"href":"https:\/\/jboulianne.com\/en\/wp-json\/wp\/v2\/pages\/674\/revisions"}],"predecessor-version":[{"id":675,"href":"https:\/\/jboulianne.com\/en\/wp-json\/wp\/v2\/pages\/674\/revisions\/675"}],"wp:attachment":[{"href":"https:\/\/jboulianne.com\/en\/wp-json\/wp\/v2\/media?parent=674"}],"curies":[{"name":"wp","href":"https:\/\/api.w.org\/{rel}","templated":true}]}}