{"id":458,"date":"2023-03-29T10:03:38","date_gmt":"2023-03-29T14:03:38","guid":{"rendered":"http:\/\/100263.b.aliquando.immo\/?page_id=458"},"modified":"2026-02-03T13:35:29","modified_gmt":"2026-02-03T18:35:29","slug":"a-propos","status":"publish","type":"page","link":"https:\/\/jboulianne.com\/en\/a-propos\/","title":{"rendered":"About"},"content":{"rendered":"<p><\/p>\r\n<p>Notre \u00e9quipe est absolument privil\u00e9gi\u00e9e de travailler ensemble. En tant que courtiers immobiliers, nous servons la r\u00e9gion de la Mauricie et le Centre du Qu\u00e9bec. Depuis plusieurs ann\u00e9es, notre priorit\u00e9 principale a \u00e9t\u00e9 de fournir une attention et une flexibilit\u00e9 personnalis\u00e9es \u00e0 chacun de nos clients. Il n\u2019y pas deux personnes qui se ressemblent. Chaque individu a besoin et m\u00e9rite d&#8217;\u00eatre trait\u00e9 avec les soins particuliers. Nous sommes infatigables pour nos clients, et nos clients comptent sur nous pour des r\u00e9sultats &#8230; vous le pouvez aussi!<\/p>\r\n<p style=\"font-weight: 400;\">M\u00e8re et fille, nous avons beaucoup de plaisir \u00e0 travailler ensemble et \u00e0 d\u00e9velopper des strat\u00e9gies qui assureront la r\u00e9ussite de vos projets. Nous sommes l\u00e0 pour prot\u00e9ger vos int\u00e9r\u00eats et maximiser vos r\u00e9sultats.\u00a0Nous vous accompagnerons et nous vous repr\u00e9sentons dans la transaction la plus importante de votre vie.<\/p>\r\n<p style=\"font-weight: 400;\">L\u2019immobilier demande une connaissance accrue du march\u00e9,\u00a0une liste de contacts et de partenaires professionnels tels que notaires, inspecteurs, repr\u00e9sentants hypoth\u00e9caires et beaucoup plus. La d\u00e9termination, la pers\u00e9v\u00e9rance et l\u2019art de la n\u00e9gociation sont des qualit\u00e9s qui font de nous les expertes dont vous avez besoin dans l\u2019achat ou la vente de votre propri\u00e9t\u00e9.\u00a0\u00a0<\/p>\r\n<p style=\"font-weight: 400;\">Femmes de c\u0153ur qui adorent leur travail et leurs clients, mais surtout, qui prennent au s\u00e9rieux la r\u00e9alisation de vos r\u00eaves.\u00a0Pour nous, votre tranquillit\u00e9 d\u2019esprit est synonyme de succ\u00e8s. \u00c9tant humaines et compr\u00e9hensives, nous sommes \u00e0 l\u2019\u00e9coute de nos clients en tout temps. Nous poss\u00e9dons une d\u00e9termination et une volont\u00e9 exceptionnelles afin d\u2019obtenir les meilleures conditions d\u2019achats ou de vente pour nos clients. Nous serons \u00e0 l\u2019\u00e9coute de vos besoins et de votre style de vie.<\/p>\r\n<p><\/p>","protected":false},"excerpt":{"rendered":"<p>Notre \u00e9quipe est absolument privil\u00e9gi\u00e9e de travailler ensemble. En tant que courtiers immobiliers, nous servons la r\u00e9gion de la Mauricie et le Centre du Qu\u00e9bec. Depuis plusieurs ann\u00e9es, notre priorit\u00e9 principale a \u00e9t\u00e9 de fournir une attention et une flexibilit\u00e9 personnalis\u00e9es \u00e0 chacun de nos clients. Il n\u2019y pas deux personnes qui se ressemblent. Chaque [&hellip;]<\/p>\n","protected":false},"author":121,"featured_media":0,"parent":0,"menu_order":0,"comment_status":"closed","ping_status":"closed","template":"page-templates\/advanced_page.php","meta":{"_acf_changed":false,"footnotes":""},"class_list":["post-458","page","type-page","status-publish","hentry"],"acf":[],"yoast_head":"<!-- This site is optimized with the Yoast SEO plugin v26.7 - https:\/\/yoast.com\/wordpress\/plugins\/seo\/ -->\n<title>Courtiers Immobiliers Mauricie Centre du Qu\u00e9bec | Agence immobili\u00e8re Sutton<\/title>\n<meta name=\"description\" content=\"Courtiers Immobiliers Mauricie Centre du Qu\u00e9bec - Pour vendre ou acheter une propri\u00e9t\u00e9, optez pour Julie et Laurie, courtiers immobiliers Sutton. T\u00e9l\u00e9phone : 819-372-4555.\" \/>\n<meta name=\"robots\" content=\"index, follow, max-snippet:-1, max-image-preview:large, max-video-preview:-1\" \/>\n<link rel=\"canonical\" href=\"https:\/\/jboulianne.com\/a-propos\/\" \/>\n<meta property=\"og:locale\" content=\"en_US\" \/>\n<meta property=\"og:type\" content=\"article\" \/>\n<meta property=\"og:title\" content=\"Courtiers Immobiliers Mauricie Centre du Qu\u00e9bec | Agence immobili\u00e8re Sutton\" \/>\n<meta property=\"og:description\" content=\"Courtiers Immobiliers Mauricie Centre du Qu\u00e9bec - Pour vendre ou acheter une propri\u00e9t\u00e9, optez pour Julie et Laurie, courtiers immobiliers Sutton. T\u00e9l\u00e9phone : 819-372-4555.\" \/>\n<meta property=\"og:url\" content=\"https:\/\/jboulianne.com\/a-propos\/\" \/>\n<meta property=\"og:site_name\" content=\"Julie Boulianne et Laurie Therrien - Groupe Sutton Aliance\" \/>\n<meta property=\"article:modified_time\" content=\"2026-02-03T18:35:29+00:00\" \/>\n<meta property=\"og:image\" content=\"https:\/\/jboulianne.com\/files\/2023\/04\/header_kamelo.jpg\" \/>\n<meta name=\"twitter:card\" content=\"summary_large_image\" \/>\n<meta name=\"twitter:image\" content=\"https:\/\/jboulianne.com\/files\/2023\/04\/header_kamelo.jpg\" \/>\n<meta name=\"twitter:label1\" content=\"Est. reading time\" \/>\n\t<meta name=\"twitter:data1\" content=\"2 minutes\" \/>\n<script type=\"application\/ld+json\" class=\"yoast-schema-graph\">{\"@context\":\"https:\/\/schema.org\",\"@graph\":[{\"@type\":\"WebPage\",\"@id\":\"https:\/\/jboulianne.com\/a-propos\/\",\"url\":\"https:\/\/jboulianne.com\/a-propos\/\",\"name\":\"Courtiers Immobiliers Mauricie Centre du Qu\u00e9bec | Agence immobili\u00e8re Sutton\",\"isPartOf\":{\"@id\":\"https:\/\/jboulianne.com\/#website\"},\"datePublished\":\"2023-03-29T14:03:38+00:00\",\"dateModified\":\"2026-02-03T18:35:29+00:00\",\"description\":\"Courtiers Immobiliers Mauricie Centre du Qu\u00e9bec - Pour vendre ou acheter une propri\u00e9t\u00e9, optez pour Julie et Laurie, courtiers immobiliers Sutton. T\u00e9l\u00e9phone : 819-372-4555.\",\"breadcrumb\":{\"@id\":\"https:\/\/jboulianne.com\/a-propos\/#breadcrumb\"},\"inLanguage\":\"en-US\",\"potentialAction\":[{\"@type\":\"ReadAction\",\"target\":[\"https:\/\/jboulianne.com\/a-propos\/\"]}]},{\"@type\":\"BreadcrumbList\",\"@id\":\"https:\/\/jboulianne.com\/a-propos\/#breadcrumb\",\"itemListElement\":[{\"@type\":\"ListItem\",\"position\":1,\"name\":\"Accueil\",\"item\":\"https:\/\/jboulianne.com\/\"},{\"@type\":\"ListItem\",\"position\":2,\"name\":\"\u00c0 propos\"}]},{\"@type\":\"WebSite\",\"@id\":\"https:\/\/jboulianne.com\/#website\",\"url\":\"https:\/\/jboulianne.com\/\",\"name\":\"Julie Boulianne et Laurie Therrien - Groupe Sutton Aliance\",\"description\":\"Real Estate Brokers\",\"potentialAction\":[{\"@type\":\"SearchAction\",\"target\":{\"@type\":\"EntryPoint\",\"urlTemplate\":\"https:\/\/jboulianne.com\/?s={search_term_string}\"},\"query-input\":{\"@type\":\"PropertyValueSpecification\",\"valueRequired\":true,\"valueName\":\"search_term_string\"}}],\"inLanguage\":\"en-US\"}]}<\/script>\n<!-- \/ Yoast SEO plugin. -->","yoast_head_json":{"title":"Courtiers Immobiliers Mauricie Centre du Qu\u00e9bec | Agence immobili\u00e8re Sutton","description":"Courtiers Immobiliers Mauricie Centre du Qu\u00e9bec - Pour vendre ou acheter une propri\u00e9t\u00e9, optez pour Julie et Laurie, courtiers immobiliers Sutton. T\u00e9l\u00e9phone : 819-372-4555.","robots":{"index":"index","follow":"follow","max-snippet":"max-snippet:-1","max-image-preview":"max-image-preview:large","max-video-preview":"max-video-preview:-1"},"canonical":"https:\/\/jboulianne.com\/a-propos\/","og_locale":"en_US","og_type":"article","og_title":"Courtiers Immobiliers Mauricie Centre du Qu\u00e9bec | Agence immobili\u00e8re Sutton","og_description":"Courtiers Immobiliers Mauricie Centre du Qu\u00e9bec - Pour vendre ou acheter une propri\u00e9t\u00e9, optez pour Julie et Laurie, courtiers immobiliers Sutton. T\u00e9l\u00e9phone : 819-372-4555.","og_url":"https:\/\/jboulianne.com\/a-propos\/","og_site_name":"Julie Boulianne et Laurie Therrien - Groupe Sutton Aliance","article_modified_time":"2026-02-03T18:35:29+00:00","og_image":[{"url":"https:\/\/jboulianne.com\/files\/2023\/04\/header_kamelo.jpg","type":"","width":"","height":""}],"twitter_card":"summary_large_image","twitter_image":"https:\/\/jboulianne.com\/files\/2023\/04\/header_kamelo.jpg","twitter_misc":{"Est. reading time":"2 minutes"},"schema":{"@context":"https:\/\/schema.org","@graph":[{"@type":"WebPage","@id":"https:\/\/jboulianne.com\/a-propos\/","url":"https:\/\/jboulianne.com\/a-propos\/","name":"Courtiers Immobiliers Mauricie Centre du Qu\u00e9bec | Agence immobili\u00e8re Sutton","isPartOf":{"@id":"https:\/\/jboulianne.com\/#website"},"datePublished":"2023-03-29T14:03:38+00:00","dateModified":"2026-02-03T18:35:29+00:00","description":"Courtiers Immobiliers Mauricie Centre du Qu\u00e9bec - Pour vendre ou acheter une propri\u00e9t\u00e9, optez pour Julie et Laurie, courtiers immobiliers Sutton. T\u00e9l\u00e9phone : 819-372-4555.","breadcrumb":{"@id":"https:\/\/jboulianne.com\/a-propos\/#breadcrumb"},"inLanguage":"en-US","potentialAction":[{"@type":"ReadAction","target":["https:\/\/jboulianne.com\/a-propos\/"]}]},{"@type":"BreadcrumbList","@id":"https:\/\/jboulianne.com\/a-propos\/#breadcrumb","itemListElement":[{"@type":"ListItem","position":1,"name":"Accueil","item":"https:\/\/jboulianne.com\/"},{"@type":"ListItem","position":2,"name":"\u00c0 propos"}]},{"@type":"WebSite","@id":"https:\/\/jboulianne.com\/#website","url":"https:\/\/jboulianne.com\/","name":"Julie Boulianne et Laurie Therrien - Groupe Sutton Aliance","description":"Real Estate Brokers","potentialAction":[{"@type":"SearchAction","target":{"@type":"EntryPoint","urlTemplate":"https:\/\/jboulianne.com\/?s={search_term_string}"},"query-input":{"@type":"PropertyValueSpecification","valueRequired":true,"valueName":"search_term_string"}}],"inLanguage":"en-US"}]}},"_links":{"self":[{"href":"https:\/\/jboulianne.com\/en\/wp-json\/wp\/v2\/pages\/458","targetHints":{"allow":["GET"]}}],"collection":[{"href":"https:\/\/jboulianne.com\/en\/wp-json\/wp\/v2\/pages"}],"about":[{"href":"https:\/\/jboulianne.com\/en\/wp-json\/wp\/v2\/types\/page"}],"author":[{"embeddable":true,"href":"https:\/\/jboulianne.com\/en\/wp-json\/wp\/v2\/users\/121"}],"replies":[{"embeddable":true,"href":"https:\/\/jboulianne.com\/en\/wp-json\/wp\/v2\/comments?post=458"}],"version-history":[{"count":2,"href":"https:\/\/jboulianne.com\/en\/wp-json\/wp\/v2\/pages\/458\/revisions"}],"predecessor-version":[{"id":980,"href":"https:\/\/jboulianne.com\/en\/wp-json\/wp\/v2\/pages\/458\/revisions\/980"}],"wp:attachment":[{"href":"https:\/\/jboulianne.com\/en\/wp-json\/wp\/v2\/media?parent=458"}],"curies":[{"name":"wp","href":"https:\/\/api.w.org\/{rel}","templated":true}]}}