{"id":28,"date":"2012-05-22T20:43:52","date_gmt":"2012-05-22T20:43:52","guid":{"rendered":"http:\/\/aliquando.id-3.net\/?page_id=28"},"modified":"2024-06-18T10:15:18","modified_gmt":"2024-06-18T14:15:18","slug":"proprietes","status":"publish","type":"page","link":"https:\/\/jboulianne.com\/en\/proprietes\/","title":{"rendered":"Properties"},"content":{"rendered":"\r\n    <section class=\"proprietes__section\">\r\n        <div class=\"content\">\r\n        \r\n<div>\r\n                <h2>Living in Mauricie<\/h2>\r\n                <p>Located in the heart of Quebec, halfway between Montreal and Quebec City, the Mauricie is a region with many attractions. Its enchanting landscape of vast forests, sparkling lakes and majestic mountains is ideal for outdoor enthusiasts and nature lovers alike.<\/p>\r\n                <p>Mauricie is home to a diverse territory, from the fertile plains of the St. Lawrence to the foothills of the Laurentians. Its 17,500 lakes and rivers make it a paradise for water sports, while its hiking and biking trails invite exploration. La Mauricie National Park, a true natural jewel, protects unique flora and fauna, while the many outfitters offer authentic hunting and fishing experiences.<\/p>\r\n                <p>The Mauricie region also boasts a number of dynamic, welcoming towns, each with its own unique character. <a href=\"\/courtiers-immobiliers-trois-rivieres\/\" target=\"_self\" rel=\"follow\">Trois-Rivi\u00e8res<\/a>, the regional capital, is a vibrant historical and cultural city. <a href=\"\/courtiers-immobiliers-shawinigan\/\" target=\"_self\" rel=\"follow\">Shawinigan<\/a>, with its dynamic industries and revitalized downtown, offers a harmonious blend of tradition and modernity. Saint-Tite, meanwhile, is a must for lovers of festivities and Western folklore.<\/p>\r\n\r\n            <\/div>\r\n            <div>\r\n                <h2>Living in Centre-du-Qu\u00e9bec<\/h2>\r\n                <p>Located in the heart of Quebec, on the south shore of the St. Lawrence River, <strong>Centre-du-Qu\u00e9bec<\/strong> is a multifaceted region. Its verdant territory, made up of fertile plains, peaceful rivers and rolling hills, offers an idyllic setting for lovers of nature and tranquility.<\/p>\r\n                <p>A fertile, gourmet terroir, <strong>Centre-du-Qu\u00e9bec<\/strong> is known as Quebec's breadbasket, a bountiful land where agriculture thrives. Its farms feed the province with fresh, tasty produce. The region is also renowned for its many orchards and maple products, including maple syrup, a true treasure of the Quebec terroir.<\/p>\r\n                <p><strong>Centre-du-Qu\u00e9bec<\/strong> is home to many warm and welcoming towns, each with its own unique history and charm. Drummondville, the regional capital, is a dynamic, fast-growing city. Victoriaville, with its historic downtown and numerous festivals, offers a rich cultural heritage. <a href=\"\/courtiers-immobiliers-becancour\/\" target=\"_self\" rel=\"follow\">B\u00e9cancour<\/a>, located on the shores of the St. Lawrence River, is a peaceful town with an enchanting landscape.<\/p>\r\n            <\/div>\r\n\r\n\r\n            \r\n        <\/div>\r\n        \r\n    <\/section>\r\n\r\n    \n","protected":false},"excerpt":{"rendered":"","protected":false},"author":1,"featured_media":0,"parent":0,"menu_order":10,"comment_status":"open","ping_status":"closed","template":"t_listings.php","meta":{"_acf_changed":false,"footnotes":""},"class_list":["post-28","page","type-page","status-publish","hentry"],"acf":[],"yoast_head":"<!-- This site is optimized with the Yoast SEO plugin v26.7 - https:\/\/yoast.com\/wordpress\/plugins\/seo\/ -->\n<title>Propri\u00e9t\u00e9s \u00e0 vendre | Courtiers immobiliers Sutton<\/title>\n<meta name=\"description\" content=\"D\u00e9couvrez\u00a0nos propri\u00e9t\u00e9s \u00e0 vendre en Mauricie et au Centre-du-Qu\u00e9bec. Courtiers immobiliers Sutton. T\u00e9l\u00e9phone : 819-372-4555.\" \/>\n<meta name=\"robots\" content=\"index, follow, max-snippet:-1, max-image-preview:large, max-video-preview:-1\" \/>\n<link rel=\"canonical\" href=\"https:\/\/jboulianne.com\/proprietes\/\" \/>\n<meta property=\"og:locale\" content=\"en_US\" \/>\n<meta property=\"og:type\" content=\"article\" \/>\n<meta property=\"og:title\" content=\"Propri\u00e9t\u00e9s \u00e0 vendre | Courtiers immobiliers Sutton\" \/>\n<meta property=\"og:description\" content=\"D\u00e9couvrez\u00a0nos propri\u00e9t\u00e9s \u00e0 vendre en Mauricie et au Centre-du-Qu\u00e9bec. Courtiers immobiliers Sutton. T\u00e9l\u00e9phone : 819-372-4555.\" \/>\n<meta property=\"og:url\" content=\"https:\/\/jboulianne.com\/proprietes\/\" \/>\n<meta property=\"og:site_name\" content=\"Julie Boulianne et Laurie Therrien - Groupe Sutton Aliance\" \/>\n<meta property=\"article:modified_time\" content=\"2024-06-18T14:15:18+00:00\" \/>\n<meta property=\"og:image\" content=\"https:\/\/jboulianne.com\/files\/2023\/04\/header_kamelo.jpg\" \/>\n<meta name=\"twitter:card\" content=\"summary_large_image\" \/>\n<meta name=\"twitter:image\" content=\"https:\/\/jboulianne.com\/files\/2023\/04\/header_kamelo.jpg\" \/>\n<script type=\"application\/ld+json\" class=\"yoast-schema-graph\">{\"@context\":\"https:\/\/schema.org\",\"@graph\":[{\"@type\":\"WebPage\",\"@id\":\"https:\/\/jboulianne.com\/proprietes\/\",\"url\":\"https:\/\/jboulianne.com\/proprietes\/\",\"name\":\"Propri\u00e9t\u00e9s \u00e0 vendre | Courtiers immobiliers Sutton\",\"isPartOf\":{\"@id\":\"https:\/\/jboulianne.com\/#website\"},\"datePublished\":\"2012-05-22T20:43:52+00:00\",\"dateModified\":\"2024-06-18T14:15:18+00:00\",\"description\":\"D\u00e9couvrez\u00a0nos propri\u00e9t\u00e9s \u00e0 vendre en Mauricie et au Centre-du-Qu\u00e9bec. Courtiers immobiliers Sutton. T\u00e9l\u00e9phone : 819-372-4555.\",\"breadcrumb\":{\"@id\":\"https:\/\/jboulianne.com\/proprietes\/#breadcrumb\"},\"inLanguage\":\"en-US\",\"potentialAction\":[{\"@type\":\"ReadAction\",\"target\":[\"https:\/\/jboulianne.com\/proprietes\/\"]}]},{\"@type\":\"BreadcrumbList\",\"@id\":\"https:\/\/jboulianne.com\/proprietes\/#breadcrumb\",\"itemListElement\":[{\"@type\":\"ListItem\",\"position\":1,\"name\":\"Accueil\",\"item\":\"https:\/\/jboulianne.com\/\"},{\"@type\":\"ListItem\",\"position\":2,\"name\":\"Propri\u00e9t\u00e9s\"}]},{\"@type\":\"WebSite\",\"@id\":\"https:\/\/jboulianne.com\/#website\",\"url\":\"https:\/\/jboulianne.com\/\",\"name\":\"Julie Boulianne et Laurie Therrien - Groupe Sutton Aliance\",\"description\":\"Real Estate Brokers\",\"potentialAction\":[{\"@type\":\"SearchAction\",\"target\":{\"@type\":\"EntryPoint\",\"urlTemplate\":\"https:\/\/jboulianne.com\/?s={search_term_string}\"},\"query-input\":{\"@type\":\"PropertyValueSpecification\",\"valueRequired\":true,\"valueName\":\"search_term_string\"}}],\"inLanguage\":\"en-US\"}]}<\/script>\n<!-- \/ Yoast SEO plugin. -->","yoast_head_json":{"title":"Propri\u00e9t\u00e9s \u00e0 vendre | Courtiers immobiliers Sutton","description":"D\u00e9couvrez\u00a0nos propri\u00e9t\u00e9s \u00e0 vendre en Mauricie et au Centre-du-Qu\u00e9bec. Courtiers immobiliers Sutton. T\u00e9l\u00e9phone : 819-372-4555.","robots":{"index":"index","follow":"follow","max-snippet":"max-snippet:-1","max-image-preview":"max-image-preview:large","max-video-preview":"max-video-preview:-1"},"canonical":"https:\/\/jboulianne.com\/proprietes\/","og_locale":"en_US","og_type":"article","og_title":"Propri\u00e9t\u00e9s \u00e0 vendre | Courtiers immobiliers Sutton","og_description":"D\u00e9couvrez\u00a0nos propri\u00e9t\u00e9s \u00e0 vendre en Mauricie et au Centre-du-Qu\u00e9bec. Courtiers immobiliers Sutton. T\u00e9l\u00e9phone : 819-372-4555.","og_url":"https:\/\/jboulianne.com\/proprietes\/","og_site_name":"Julie Boulianne et Laurie Therrien - Groupe Sutton Aliance","article_modified_time":"2024-06-18T14:15:18+00:00","og_image":[{"url":"https:\/\/jboulianne.com\/files\/2023\/04\/header_kamelo.jpg","type":"","width":"","height":""}],"twitter_card":"summary_large_image","twitter_image":"https:\/\/jboulianne.com\/files\/2023\/04\/header_kamelo.jpg","schema":{"@context":"https:\/\/schema.org","@graph":[{"@type":"WebPage","@id":"https:\/\/jboulianne.com\/proprietes\/","url":"https:\/\/jboulianne.com\/proprietes\/","name":"Propri\u00e9t\u00e9s \u00e0 vendre | Courtiers immobiliers Sutton","isPartOf":{"@id":"https:\/\/jboulianne.com\/#website"},"datePublished":"2012-05-22T20:43:52+00:00","dateModified":"2024-06-18T14:15:18+00:00","description":"D\u00e9couvrez\u00a0nos propri\u00e9t\u00e9s \u00e0 vendre en Mauricie et au Centre-du-Qu\u00e9bec. Courtiers immobiliers Sutton. T\u00e9l\u00e9phone : 819-372-4555.","breadcrumb":{"@id":"https:\/\/jboulianne.com\/proprietes\/#breadcrumb"},"inLanguage":"en-US","potentialAction":[{"@type":"ReadAction","target":["https:\/\/jboulianne.com\/proprietes\/"]}]},{"@type":"BreadcrumbList","@id":"https:\/\/jboulianne.com\/proprietes\/#breadcrumb","itemListElement":[{"@type":"ListItem","position":1,"name":"Accueil","item":"https:\/\/jboulianne.com\/"},{"@type":"ListItem","position":2,"name":"Propri\u00e9t\u00e9s"}]},{"@type":"WebSite","@id":"https:\/\/jboulianne.com\/#website","url":"https:\/\/jboulianne.com\/","name":"Julie Boulianne et Laurie Therrien - Groupe Sutton Aliance","description":"Real Estate Brokers","potentialAction":[{"@type":"SearchAction","target":{"@type":"EntryPoint","urlTemplate":"https:\/\/jboulianne.com\/?s={search_term_string}"},"query-input":{"@type":"PropertyValueSpecification","valueRequired":true,"valueName":"search_term_string"}}],"inLanguage":"en-US"}]}},"_links":{"self":[{"href":"https:\/\/jboulianne.com\/en\/wp-json\/wp\/v2\/pages\/28","targetHints":{"allow":["GET"]}}],"collection":[{"href":"https:\/\/jboulianne.com\/en\/wp-json\/wp\/v2\/pages"}],"about":[{"href":"https:\/\/jboulianne.com\/en\/wp-json\/wp\/v2\/types\/page"}],"author":[{"embeddable":true,"href":"https:\/\/jboulianne.com\/en\/wp-json\/wp\/v2\/users\/1"}],"replies":[{"embeddable":true,"href":"https:\/\/jboulianne.com\/en\/wp-json\/wp\/v2\/comments?post=28"}],"version-history":[{"count":2,"href":"https:\/\/jboulianne.com\/en\/wp-json\/wp\/v2\/pages\/28\/revisions"}],"predecessor-version":[{"id":914,"href":"https:\/\/jboulianne.com\/en\/wp-json\/wp\/v2\/pages\/28\/revisions\/914"}],"wp:attachment":[{"href":"https:\/\/jboulianne.com\/en\/wp-json\/wp\/v2\/media?parent=28"}],"curies":[{"name":"wp","href":"https:\/\/api.w.org\/{rel}","templated":true}]}}