{"id":106,"date":"2012-05-11T18:59:07","date_gmt":"2012-05-11T18:59:07","guid":{"rendered":"http:\/\/public.mediasimple.ca\/remax_papachristou\/?page_id=106"},"modified":"2024-06-20T10:50:49","modified_gmt":"2024-06-20T14:50:49","slug":"avec-un-courtier-immobilier-vous-etes-bien-protege-2","status":"publish","type":"page","link":"https:\/\/jboulianne.com\/en\/acheter-2\/avec-un-courtier-immobilier-vous-etes-bien-protege-2\/","title":{"rendered":"Protection You Can Count On!"},"content":{"rendered":"<p><\/p>\n<h2>Protect your real estate investment with Julie Boulianne and Laurie Therrien, Sutton real estate brokers<\/h2>\n<p>Doing business with a real estate broker means that you are protected by the law. The Real Estate Brokerage Act and various other organizations regulate the real estate broker profession so that consumers can expect fair and competent services. So, you know that you&#8217;ll be served by a highly qualified and well-trained professional.<\/p>\n<h2><strong>Real Estate Brokerage Act<\/strong><\/h2>\n<p>The main goal of the Real Estate Brokerage Act is to protect the public. To enforce this, the Act sets out specific rules relating to the brokerage contract for the sale of a house. They are similar to several of the regulations found in the Consumer Protection Act.<\/p>\n<h2><strong>Organisme d&#8217;autor\u00e9glementation du courtage immobilier du Qu\u00e9bec<\/strong><\/h2>\n<p>Created by the Real Estate Brokerage Act, the Organisme d&#8217;autor\u00e9glementation du courtage immobilier du Qu\u00e9bec (OACIQ) is mandated to protect the public by regulating the professional activities of all real estate brokers. It is responsible for administering the exam that leads to the practice certificate and it ensures that its members carry out their activities in compliance with current laws and regulations. For more information, visit\u00a0<a href=\"http:\/\/www.oaciq.com\/?uc=0\" target=\"_blank\" rel=\"noopener\">www.oaciq.com<\/a>.<\/p>\n<h2><strong>Fonds d&#8217;indemnisation du courtage immobilier<\/strong><\/h2>\n<p>Each broker contributes to the Fonds d&#8217;indemnisation du courtage immobilier. The Fonds d&#8217;indemnisation du courtage immobilier has the authority to compensate a consumer in the event that a problem arises during a transaction whether it relates to fraud, a dishonest transaction or the misappropriation of funds or other property. For more information, go to\u00a0<a href=\"https:\/\/www.oaciq.com\/en\/pages\/fici\" target=\"_blank\" rel=\"noopener\">https:\/\/www.oaciq.com\/en\/pages\/fici<\/a>.<\/p>\n<h2><strong>Professional Liability Insurance in Real Estate\u00a0<\/strong><\/h2>\n<p>Real estate brokers must hold professional liability insurance, which ensures that consumers have additional financial protection in cases of fault, error, negligence or omission. This insurance covers civil claims and civil proceedings. SOURCE : <a title=\"http:\/\/www.CENTRIS.CA\" href=\"http:\/\/www.CENTRIS.CA\" target=\"_blank\" rel=\"noopener\">CENTRIS.CA<\/a><\/p>\n<p><\/p>","protected":false},"excerpt":{"rendered":"<p>Protect your real estate investment with Julie Boulianne and Laurie Therrien, Sutton real estate brokers Doing business with a real estate broker means that you are protected by the law. The Real Estate Brokerage Act and various other organizations regulate the real estate broker profession so that consumers can expect fair and competent services. So, [&hellip;]<\/p>\n","protected":false},"author":1,"featured_media":0,"parent":7,"menu_order":0,"comment_status":"open","ping_status":"open","template":"","meta":{"_acf_changed":false,"footnotes":""},"class_list":["post-106","page","type-page","status-publish","hentry"],"acf":[],"yoast_head":"<!-- This site is optimized with the Yoast SEO plugin v26.7 - https:\/\/yoast.com\/wordpress\/plugins\/seo\/ -->\n<title>Prot\u00e9ger votre investissement immobilier avec Sutton alliance<\/title>\n<meta name=\"description\" content=\"Loi sur le courtage immobilier. Prot\u00e9ger votre investissement immobilier avec le Groupe Sutton Alliance. Pour information, appelez : (819) 372-4555. [en] Real Estate Brokerage Act. Protect your real estate investment with Groupe Sutton Alliance. For more information, call: (819) 372-4555\" \/>\n<meta name=\"robots\" content=\"index, follow, max-snippet:-1, max-image-preview:large, max-video-preview:-1\" \/>\n<link rel=\"canonical\" href=\"https:\/\/jboulianne.com\/acheter-2\/avec-un-courtier-immobilier-vous-etes-bien-protege-2\/\" \/>\n<meta property=\"og:locale\" content=\"en_US\" \/>\n<meta property=\"og:type\" content=\"article\" \/>\n<meta property=\"og:title\" content=\"Prot\u00e9ger votre investissement immobilier avec Sutton Alliance\" \/>\n<meta property=\"og:description\" content=\"Loi sur le courtage immobilier. Prot\u00e9ger votre investissement immobilier avec le Groupe Sutton Alliance. Pour information, appelez : (819) 372-4555.\" \/>\n<meta property=\"og:url\" content=\"https:\/\/jboulianne.com\/acheter-2\/avec-un-courtier-immobilier-vous-etes-bien-protege-2\/\" \/>\n<meta property=\"og:site_name\" content=\"Julie Boulianne et Laurie Therrien - Groupe Sutton Aliance\" \/>\n<meta property=\"article:modified_time\" content=\"2024-06-20T14:50:49+00:00\" \/>\n<meta property=\"og:image\" content=\"https:\/\/jboulianne.com\/files\/2023\/04\/header_kamelo.jpg\" \/>\n<meta name=\"twitter:card\" content=\"summary_large_image\" \/>\n<meta name=\"twitter:title\" content=\"Prot\u00e9ger votre investissement immobilier avec Sutton Alliance\" \/>\n<meta name=\"twitter:description\" content=\"Loi sur le courtage immobilier. Prot\u00e9ger votre investissement immobilier avec le Groupe Sutton Alliance. Pour information, appelez : (819) 372-4555.\" \/>\n<meta name=\"twitter:image\" content=\"https:\/\/jboulianne.com\/files\/2023\/04\/header_kamelo.jpg\" \/>\n<meta name=\"twitter:label1\" content=\"Est. reading time\" \/>\n\t<meta name=\"twitter:data1\" content=\"2 minutes\" \/>\n<script type=\"application\/ld+json\" class=\"yoast-schema-graph\">{\"@context\":\"https:\/\/schema.org\",\"@graph\":[{\"@type\":\"WebPage\",\"@id\":\"https:\/\/jboulianne.com\/acheter-2\/avec-un-courtier-immobilier-vous-etes-bien-protege-2\/\",\"url\":\"https:\/\/jboulianne.com\/acheter-2\/avec-un-courtier-immobilier-vous-etes-bien-protege-2\/\",\"name\":\"Prot\u00e9ger votre investissement immobilier avec Sutton alliance\",\"isPartOf\":{\"@id\":\"https:\/\/jboulianne.com\/#website\"},\"datePublished\":\"2012-05-11T18:59:07+00:00\",\"dateModified\":\"2024-06-20T14:50:49+00:00\",\"description\":\"Loi sur le courtage immobilier. Prot\u00e9ger votre investissement immobilier avec le Groupe Sutton Alliance. Pour information, appelez : (819) 372-4555. [en] Real Estate Brokerage Act. Protect your real estate investment with Groupe Sutton Alliance. For more information, call: (819) 372-4555\",\"breadcrumb\":{\"@id\":\"https:\/\/jboulianne.com\/acheter-2\/avec-un-courtier-immobilier-vous-etes-bien-protege-2\/#breadcrumb\"},\"inLanguage\":\"en-US\",\"potentialAction\":[{\"@type\":\"ReadAction\",\"target\":[\"https:\/\/jboulianne.com\/acheter-2\/avec-un-courtier-immobilier-vous-etes-bien-protege-2\/\"]}]},{\"@type\":\"BreadcrumbList\",\"@id\":\"https:\/\/jboulianne.com\/acheter-2\/avec-un-courtier-immobilier-vous-etes-bien-protege-2\/#breadcrumb\",\"itemListElement\":[{\"@type\":\"ListItem\",\"position\":1,\"name\":\"Accueil\",\"item\":\"https:\/\/jboulianne.com\/\"},{\"@type\":\"ListItem\",\"position\":2,\"name\":\"Acheter\",\"item\":\"https:\/\/jboulianne.com\/acheter-2\/\"},{\"@type\":\"ListItem\",\"position\":3,\"name\":\"Avec un courtier immobilier, vous \u00eates bien prot\u00e9g\u00e9!\"}]},{\"@type\":\"WebSite\",\"@id\":\"https:\/\/jboulianne.com\/#website\",\"url\":\"https:\/\/jboulianne.com\/\",\"name\":\"Julie Boulianne et Laurie Therrien - Groupe Sutton Aliance\",\"description\":\"Real Estate Brokers\",\"potentialAction\":[{\"@type\":\"SearchAction\",\"target\":{\"@type\":\"EntryPoint\",\"urlTemplate\":\"https:\/\/jboulianne.com\/?s={search_term_string}\"},\"query-input\":{\"@type\":\"PropertyValueSpecification\",\"valueRequired\":true,\"valueName\":\"search_term_string\"}}],\"inLanguage\":\"en-US\"}]}<\/script>\n<!-- \/ Yoast SEO plugin. -->","yoast_head_json":{"title":"Prot\u00e9ger votre investissement immobilier avec Sutton alliance","description":"Loi sur le courtage immobilier. Prot\u00e9ger votre investissement immobilier avec le Groupe Sutton Alliance. Pour information, appelez : (819) 372-4555. [en] Real Estate Brokerage Act. Protect your real estate investment with Groupe Sutton Alliance. For more information, call: (819) 372-4555","robots":{"index":"index","follow":"follow","max-snippet":"max-snippet:-1","max-image-preview":"max-image-preview:large","max-video-preview":"max-video-preview:-1"},"canonical":"https:\/\/jboulianne.com\/acheter-2\/avec-un-courtier-immobilier-vous-etes-bien-protege-2\/","og_locale":"en_US","og_type":"article","og_title":"Prot\u00e9ger votre investissement immobilier avec Sutton Alliance","og_description":"Loi sur le courtage immobilier. Prot\u00e9ger votre investissement immobilier avec le Groupe Sutton Alliance. Pour information, appelez : (819) 372-4555.","og_url":"https:\/\/jboulianne.com\/acheter-2\/avec-un-courtier-immobilier-vous-etes-bien-protege-2\/","og_site_name":"Julie Boulianne et Laurie Therrien - Groupe Sutton Aliance","article_modified_time":"2024-06-20T14:50:49+00:00","og_image":[{"url":"https:\/\/jboulianne.com\/files\/2023\/04\/header_kamelo.jpg","type":"","width":"","height":""}],"twitter_card":"summary_large_image","twitter_title":"Prot\u00e9ger votre investissement immobilier avec Sutton Alliance","twitter_description":"Loi sur le courtage immobilier. Prot\u00e9ger votre investissement immobilier avec le Groupe Sutton Alliance. Pour information, appelez : (819) 372-4555.","twitter_image":"https:\/\/jboulianne.com\/files\/2023\/04\/header_kamelo.jpg","twitter_misc":{"Est. reading time":"2 minutes"},"schema":{"@context":"https:\/\/schema.org","@graph":[{"@type":"WebPage","@id":"https:\/\/jboulianne.com\/acheter-2\/avec-un-courtier-immobilier-vous-etes-bien-protege-2\/","url":"https:\/\/jboulianne.com\/acheter-2\/avec-un-courtier-immobilier-vous-etes-bien-protege-2\/","name":"Prot\u00e9ger votre investissement immobilier avec Sutton alliance","isPartOf":{"@id":"https:\/\/jboulianne.com\/#website"},"datePublished":"2012-05-11T18:59:07+00:00","dateModified":"2024-06-20T14:50:49+00:00","description":"Loi sur le courtage immobilier. Prot\u00e9ger votre investissement immobilier avec le Groupe Sutton Alliance. Pour information, appelez : (819) 372-4555. [en] Real Estate Brokerage Act. Protect your real estate investment with Groupe Sutton Alliance. For more information, call: (819) 372-4555","breadcrumb":{"@id":"https:\/\/jboulianne.com\/acheter-2\/avec-un-courtier-immobilier-vous-etes-bien-protege-2\/#breadcrumb"},"inLanguage":"en-US","potentialAction":[{"@type":"ReadAction","target":["https:\/\/jboulianne.com\/acheter-2\/avec-un-courtier-immobilier-vous-etes-bien-protege-2\/"]}]},{"@type":"BreadcrumbList","@id":"https:\/\/jboulianne.com\/acheter-2\/avec-un-courtier-immobilier-vous-etes-bien-protege-2\/#breadcrumb","itemListElement":[{"@type":"ListItem","position":1,"name":"Accueil","item":"https:\/\/jboulianne.com\/"},{"@type":"ListItem","position":2,"name":"Acheter","item":"https:\/\/jboulianne.com\/acheter-2\/"},{"@type":"ListItem","position":3,"name":"Avec un courtier immobilier, vous \u00eates bien prot\u00e9g\u00e9!"}]},{"@type":"WebSite","@id":"https:\/\/jboulianne.com\/#website","url":"https:\/\/jboulianne.com\/","name":"Julie Boulianne et Laurie Therrien - Groupe Sutton Aliance","description":"Real Estate Brokers","potentialAction":[{"@type":"SearchAction","target":{"@type":"EntryPoint","urlTemplate":"https:\/\/jboulianne.com\/?s={search_term_string}"},"query-input":{"@type":"PropertyValueSpecification","valueRequired":true,"valueName":"search_term_string"}}],"inLanguage":"en-US"}]}},"_links":{"self":[{"href":"https:\/\/jboulianne.com\/en\/wp-json\/wp\/v2\/pages\/106","targetHints":{"allow":["GET"]}}],"collection":[{"href":"https:\/\/jboulianne.com\/en\/wp-json\/wp\/v2\/pages"}],"about":[{"href":"https:\/\/jboulianne.com\/en\/wp-json\/wp\/v2\/types\/page"}],"author":[{"embeddable":true,"href":"https:\/\/jboulianne.com\/en\/wp-json\/wp\/v2\/users\/1"}],"replies":[{"embeddable":true,"href":"https:\/\/jboulianne.com\/en\/wp-json\/wp\/v2\/comments?post=106"}],"version-history":[{"count":3,"href":"https:\/\/jboulianne.com\/en\/wp-json\/wp\/v2\/pages\/106\/revisions"}],"predecessor-version":[{"id":918,"href":"https:\/\/jboulianne.com\/en\/wp-json\/wp\/v2\/pages\/106\/revisions\/918"}],"up":[{"embeddable":true,"href":"https:\/\/jboulianne.com\/en\/wp-json\/wp\/v2\/pages\/7"}],"wp:attachment":[{"href":"https:\/\/jboulianne.com\/en\/wp-json\/wp\/v2\/media?parent=106"}],"curies":[{"name":"wp","href":"https:\/\/api.w.org\/{rel}","templated":true}]}}