{"id":100,"date":"2012-05-11T18:57:19","date_gmt":"2012-05-11T18:57:19","guid":{"rendered":"http:\/\/public.mediasimple.ca\/remax_papachristou\/?page_id=100"},"modified":"2024-06-17T08:56:31","modified_gmt":"2024-06-17T12:56:31","slug":"pourquoi-faire-affaire-avec-un-courtier-immobilier","status":"publish","type":"page","link":"https:\/\/jboulianne.com\/en\/acheter-2\/pourquoi-faire-affaire-avec-un-courtier-immobilier\/","title":{"rendered":"Real Estate brokers: First-Rate Partners"},"content":{"rendered":"<p><\/p>\n<h2>Why choose a quality real estate broker?<\/h2>\n<p>Buying a home is a very complex process. In addition to considering commercial, financial and legal aspects, it also requires solid negotiation skills. Why not hand this task over to a professional? A real estate broker who is a member of a real estate board can successfully navigate you through the entire process.<\/p>\n<h2><strong>Real Estate Recognized Expertise<\/strong><\/h2>\n<p>Real estate brokers have followed extensive training and hold a certificate from the <a href=\"http:\/\/www.oaciq.com\/?uc=0\" target=\"_blank\" rel=\"noopener\">Organisme d&#8217;autor\u00e9glementation du courtage immobilier du Qu\u00e9bec<\/a>\u00a0(OACIQ). Skilled negotiators, they have access to many tools and expert references: from building inspectors and notaries, to financial institutions and mortgage brokers, real estate brokers serve as a one-stop resource! Their presence also provides you with legal protection, as stated in the Real Estate Brokerage Act.<\/p>\n<h2><strong>A Solid Team Effort<\/strong><\/h2>\n<p>When looking to buy a home, a real estate broker can target those properties that best suit your needs and budget thanks to privileged access to the MLS<sup>\u00ae<\/sup>\u00a0system. They can accompany you during visits in order to objectively analyze the different characteristics of each property. They are also there to represent you when it comes time to negotiate, a phase during which the help of an accomplished professional is very much appreciated. In short, a broker will guide you through all of the steps involved in purchasing your home, right up to your visit with the notary!<\/p>\n<p>SOURCE :\u00a0<a title=\"http:\/\/www.centris.ca\" href=\"http:\/\/www.centris.ca\/\" target=\"_blank\" rel=\"noopener\">CENTRIS.CA<\/a><\/p>\n<p><\/p>","protected":false},"excerpt":{"rendered":"<p>Why choose a quality real estate broker? Buying a home is a very complex process. In addition to considering commercial, financial and legal aspects, it also requires solid negotiation skills. Why not hand this task over to a professional? A real estate broker who is a member of a real estate board can successfully navigate [&hellip;]<\/p>\n","protected":false},"author":1,"featured_media":0,"parent":7,"menu_order":0,"comment_status":"open","ping_status":"open","template":"","meta":{"_acf_changed":false,"footnotes":""},"class_list":["post-100","page","type-page","status-publish","hentry"],"acf":[],"yoast_head":"<!-- This site is optimized with the Yoast SEO plugin v26.7 - https:\/\/yoast.com\/wordpress\/plugins\/seo\/ -->\n<title>Choisir un courtier immobilier de qualit\u00e9? | Sutton<\/title>\n<meta name=\"description\" content=\"D\u00e9couvrez les avantages de faire \u00e9quipe avec des courtiers immobiliers professionnels comme Julie Boulianne et Laurie Therrien du Groupe Sutton Alliance.\" \/>\n<meta name=\"robots\" content=\"index, follow, max-snippet:-1, max-image-preview:large, max-video-preview:-1\" \/>\n<link rel=\"canonical\" href=\"https:\/\/jboulianne.com\/acheter-2\/pourquoi-faire-affaire-avec-un-courtier-immobilier\/\" \/>\n<meta property=\"og:locale\" content=\"en_US\" \/>\n<meta property=\"og:type\" content=\"article\" \/>\n<meta property=\"og:title\" content=\"Choisir un courtier immobilier de qualit\u00e9? | Sutton\" \/>\n<meta property=\"og:description\" content=\"D\u00e9couvrez les avantages de faire \u00e9quipe avec des courtiers immobiliers professionnels comme Julie Boulianne et Laurie Therrien du Groupe Sutton Alliance.\" \/>\n<meta property=\"og:url\" content=\"https:\/\/jboulianne.com\/acheter-2\/pourquoi-faire-affaire-avec-un-courtier-immobilier\/\" \/>\n<meta property=\"og:site_name\" content=\"Julie Boulianne et Laurie Therrien - Groupe Sutton Aliance\" \/>\n<meta property=\"article:modified_time\" content=\"2024-06-17T12:56:31+00:00\" \/>\n<meta property=\"og:image\" content=\"https:\/\/jboulianne.com\/files\/2023\/04\/header_kamelo.jpg\" \/><meta property=\"og:image\" content=\"https:\/\/jboulianne.com\/files\/2024\/04\/courtiers-immobiliers-Mauricie.jpeg\" \/>\n\t<meta property=\"og:image:width\" content=\"251\" \/>\n\t<meta property=\"og:image:height\" content=\"201\" \/>\n\t<meta property=\"og:image:type\" content=\"image\/jpeg\" \/>\n<meta name=\"twitter:card\" content=\"summary_large_image\" \/>\n<meta name=\"twitter:title\" content=\"Choisir un courtier immobilier de qualit\u00e9? | Sutton\" \/>\n<meta name=\"twitter:description\" content=\"D\u00e9couvrez les avantages de faire \u00e9quipe avec des courtiers immobiliers professionnels comme Julie Boulianne et Laurie Therrien du Groupe Sutton Alliance.\" \/>\n<meta name=\"twitter:image\" content=\"https:\/\/jboulianne.com\/files\/2024\/04\/courtiers-immobiliers-Mauricie.jpeg\" \/>\n<meta name=\"twitter:label1\" content=\"Est. reading time\" \/>\n\t<meta name=\"twitter:data1\" content=\"2 minutes\" \/>\n<script type=\"application\/ld+json\" class=\"yoast-schema-graph\">{\"@context\":\"https:\/\/schema.org\",\"@graph\":[{\"@type\":\"WebPage\",\"@id\":\"https:\/\/jboulianne.com\/acheter-2\/pourquoi-faire-affaire-avec-un-courtier-immobilier\/\",\"url\":\"https:\/\/jboulianne.com\/acheter-2\/pourquoi-faire-affaire-avec-un-courtier-immobilier\/\",\"name\":\"Choisir un courtier immobilier de qualit\u00e9? | Sutton\",\"isPartOf\":{\"@id\":\"https:\/\/jboulianne.com\/#website\"},\"datePublished\":\"2012-05-11T18:57:19+00:00\",\"dateModified\":\"2024-06-17T12:56:31+00:00\",\"description\":\"D\u00e9couvrez les avantages de faire \u00e9quipe avec des courtiers immobiliers professionnels comme Julie Boulianne et Laurie Therrien du Groupe Sutton Alliance.\",\"breadcrumb\":{\"@id\":\"https:\/\/jboulianne.com\/acheter-2\/pourquoi-faire-affaire-avec-un-courtier-immobilier\/#breadcrumb\"},\"inLanguage\":\"en-US\",\"potentialAction\":[{\"@type\":\"ReadAction\",\"target\":[\"https:\/\/jboulianne.com\/acheter-2\/pourquoi-faire-affaire-avec-un-courtier-immobilier\/\"]}]},{\"@type\":\"BreadcrumbList\",\"@id\":\"https:\/\/jboulianne.com\/acheter-2\/pourquoi-faire-affaire-avec-un-courtier-immobilier\/#breadcrumb\",\"itemListElement\":[{\"@type\":\"ListItem\",\"position\":1,\"name\":\"Accueil\",\"item\":\"https:\/\/jboulianne.com\/\"},{\"@type\":\"ListItem\",\"position\":2,\"name\":\"Acheter\",\"item\":\"https:\/\/jboulianne.com\/acheter-2\/\"},{\"@type\":\"ListItem\",\"position\":3,\"name\":\"Pourquoi faire affaire avec un courtier immobilier\"}]},{\"@type\":\"WebSite\",\"@id\":\"https:\/\/jboulianne.com\/#website\",\"url\":\"https:\/\/jboulianne.com\/\",\"name\":\"Julie Boulianne et Laurie Therrien - Groupe Sutton Aliance\",\"description\":\"Real Estate Brokers\",\"potentialAction\":[{\"@type\":\"SearchAction\",\"target\":{\"@type\":\"EntryPoint\",\"urlTemplate\":\"https:\/\/jboulianne.com\/?s={search_term_string}\"},\"query-input\":{\"@type\":\"PropertyValueSpecification\",\"valueRequired\":true,\"valueName\":\"search_term_string\"}}],\"inLanguage\":\"en-US\"}]}<\/script>\n<!-- \/ Yoast SEO plugin. -->","yoast_head_json":{"title":"Choisir un courtier immobilier de qualit\u00e9? | Sutton","description":"D\u00e9couvrez les avantages de faire \u00e9quipe avec des courtiers immobiliers professionnels comme Julie Boulianne et Laurie Therrien du Groupe Sutton Alliance.","robots":{"index":"index","follow":"follow","max-snippet":"max-snippet:-1","max-image-preview":"max-image-preview:large","max-video-preview":"max-video-preview:-1"},"canonical":"https:\/\/jboulianne.com\/acheter-2\/pourquoi-faire-affaire-avec-un-courtier-immobilier\/","og_locale":"en_US","og_type":"article","og_title":"Choisir un courtier immobilier de qualit\u00e9? | Sutton","og_description":"D\u00e9couvrez les avantages de faire \u00e9quipe avec des courtiers immobiliers professionnels comme Julie Boulianne et Laurie Therrien du Groupe Sutton Alliance.","og_url":"https:\/\/jboulianne.com\/acheter-2\/pourquoi-faire-affaire-avec-un-courtier-immobilier\/","og_site_name":"Julie Boulianne et Laurie Therrien - Groupe Sutton Aliance","article_modified_time":"2024-06-17T12:56:31+00:00","og_image":[{"url":"https:\/\/jboulianne.com\/files\/2023\/04\/header_kamelo.jpg","type":"","width":"","height":""},{"width":251,"height":201,"url":"https:\/\/jboulianne.com\/files\/2024\/04\/courtiers-immobiliers-Mauricie.jpeg","type":"image\/jpeg"}],"twitter_card":"summary_large_image","twitter_title":"Choisir un courtier immobilier de qualit\u00e9? | Sutton","twitter_description":"D\u00e9couvrez les avantages de faire \u00e9quipe avec des courtiers immobiliers professionnels comme Julie Boulianne et Laurie Therrien du Groupe Sutton Alliance.","twitter_image":"https:\/\/jboulianne.com\/files\/2024\/04\/courtiers-immobiliers-Mauricie.jpeg","twitter_misc":{"Est. reading time":"2 minutes"},"schema":{"@context":"https:\/\/schema.org","@graph":[{"@type":"WebPage","@id":"https:\/\/jboulianne.com\/acheter-2\/pourquoi-faire-affaire-avec-un-courtier-immobilier\/","url":"https:\/\/jboulianne.com\/acheter-2\/pourquoi-faire-affaire-avec-un-courtier-immobilier\/","name":"Choisir un courtier immobilier de qualit\u00e9? | Sutton","isPartOf":{"@id":"https:\/\/jboulianne.com\/#website"},"datePublished":"2012-05-11T18:57:19+00:00","dateModified":"2024-06-17T12:56:31+00:00","description":"D\u00e9couvrez les avantages de faire \u00e9quipe avec des courtiers immobiliers professionnels comme Julie Boulianne et Laurie Therrien du Groupe Sutton Alliance.","breadcrumb":{"@id":"https:\/\/jboulianne.com\/acheter-2\/pourquoi-faire-affaire-avec-un-courtier-immobilier\/#breadcrumb"},"inLanguage":"en-US","potentialAction":[{"@type":"ReadAction","target":["https:\/\/jboulianne.com\/acheter-2\/pourquoi-faire-affaire-avec-un-courtier-immobilier\/"]}]},{"@type":"BreadcrumbList","@id":"https:\/\/jboulianne.com\/acheter-2\/pourquoi-faire-affaire-avec-un-courtier-immobilier\/#breadcrumb","itemListElement":[{"@type":"ListItem","position":1,"name":"Accueil","item":"https:\/\/jboulianne.com\/"},{"@type":"ListItem","position":2,"name":"Acheter","item":"https:\/\/jboulianne.com\/acheter-2\/"},{"@type":"ListItem","position":3,"name":"Pourquoi faire affaire avec un courtier immobilier"}]},{"@type":"WebSite","@id":"https:\/\/jboulianne.com\/#website","url":"https:\/\/jboulianne.com\/","name":"Julie Boulianne et Laurie Therrien - Groupe Sutton Aliance","description":"Real Estate Brokers","potentialAction":[{"@type":"SearchAction","target":{"@type":"EntryPoint","urlTemplate":"https:\/\/jboulianne.com\/?s={search_term_string}"},"query-input":{"@type":"PropertyValueSpecification","valueRequired":true,"valueName":"search_term_string"}}],"inLanguage":"en-US"}]}},"_links":{"self":[{"href":"https:\/\/jboulianne.com\/en\/wp-json\/wp\/v2\/pages\/100","targetHints":{"allow":["GET"]}}],"collection":[{"href":"https:\/\/jboulianne.com\/en\/wp-json\/wp\/v2\/pages"}],"about":[{"href":"https:\/\/jboulianne.com\/en\/wp-json\/wp\/v2\/types\/page"}],"author":[{"embeddable":true,"href":"https:\/\/jboulianne.com\/en\/wp-json\/wp\/v2\/users\/1"}],"replies":[{"embeddable":true,"href":"https:\/\/jboulianne.com\/en\/wp-json\/wp\/v2\/comments?post=100"}],"version-history":[{"count":3,"href":"https:\/\/jboulianne.com\/en\/wp-json\/wp\/v2\/pages\/100\/revisions"}],"predecessor-version":[{"id":788,"href":"https:\/\/jboulianne.com\/en\/wp-json\/wp\/v2\/pages\/100\/revisions\/788"}],"up":[{"embeddable":true,"href":"https:\/\/jboulianne.com\/en\/wp-json\/wp\/v2\/pages\/7"}],"wp:attachment":[{"href":"https:\/\/jboulianne.com\/en\/wp-json\/wp\/v2\/media?parent=100"}],"curies":[{"name":"wp","href":"https:\/\/api.w.org\/{rel}","templated":true}]}}